{"id":29,"date":"2026-03-05T21:27:25","date_gmt":"2026-03-05T20:27:25","guid":{"rendered":"https:\/\/aljasska-posta.cz\/?page_id=29"},"modified":"2026-03-06T18:55:47","modified_gmt":"2026-03-06T17:55:47","slug":"home","status":"publish","type":"page","link":"https:\/\/aljasska-posta.cz\/","title":{"rendered":"01_Home"},"content":{"rendered":"\n<div class=\"wp-block-group alignfull superbthemes-navigation-004 is-layout-flow wp-block-group-is-layout-flow\" style=\"margin-top:0;margin-bottom:0;padding-top:0;padding-bottom:0\">\n<div class=\"wp-block-cover\" style=\"margin-top:0;margin-bottom:0;padding-top:var(--wp--preset--spacing--superbspacing-xxlarge);padding-right:0;padding-bottom:var(--wp--preset--spacing--superbspacing-xxlarge);padding-left:0;min-height:100px;aspect-ratio:unset;\"><img decoding=\"async\" class=\"wp-block-cover__image-background wp-image-2315\" alt=\"\" src=\"https:\/\/aljasska-posta.cz\/wp-content\/uploads\/2026\/03\/lp7-sonoran-hero1.jpg\" style=\"object-position:50% 25%\" data-object-fit=\"cover\" data-object-position=\"50% 25%\"\/><span aria-hidden=\"true\" class=\"wp-block-cover__background has-background-dim-10 has-background-dim\"><\/span><div class=\"wp-block-cover__inner-container is-layout-flow wp-container-core-cover-is-layout-d0f87605 wp-block-cover-is-layout-flow\">\n<div class=\"wp-block-group alignwide has-global-padding is-layout-constrained wp-container-core-group-is-layout-5e89162f wp-block-group-is-layout-constrained\" style=\"padding-top:var(--wp--preset--spacing--superbspacing-small);padding-right:var(--wp--preset--spacing--superbspacing-medium);padding-bottom:var(--wp--preset--spacing--superbspacing-medium);padding-left:var(--wp--preset--spacing--superbspacing-medium)\">\n<h1 class=\"wp-block-heading alignwide has-text-align-center has-contrast-light-color has-text-color has-superbfont-xxlarge-font-size\" style=\"padding-right:var(--wp--preset--spacing--superbspacing-small);padding-bottom:var(--wp--preset--spacing--superbspacing-xxsmall);padding-left:var(--wp--preset--spacing--superbspacing-small);font-style:normal;font-weight:700\">Spole\u010dnost alja\u0161sk\u00e9 po\u0161ty<\/h1>\n\n\n\n<p class=\"has-text-align-center has-contrast-light-color has-text-color has-link-color wp-elements-7b702aeb003accffe31e241f99f3159b\"><strong>V\u00edtejte na str\u00e1nk\u00e1ch Alja\u0161sk\u00e9 po\u0161ty<\/strong>!<\/p>\n\n\n\n<div class=\"wp-block-buttons is-content-justification-center is-layout-flex wp-container-core-buttons-is-layout-a89b3969 wp-block-buttons-is-layout-flex\">\n<div class=\"wp-block-button is-style-outline is-style-outline--1\"><a class=\"wp-block-button__link has-base-color has-text-color has-superbfont-small-font-size has-text-align-center has-custom-font-size wp-element-button\" href=\"#\" style=\"border-width:2px;border-radius:0px\">READ MY BLOG<\/a><\/div>\n<\/div>\n<\/div>\n<\/div><\/div>\n<\/div>\n\n\n\n<div class=\"wp-block-group alignfull has-global-padding is-layout-constrained wp-container-core-group-is-layout-226e04bb wp-block-group-is-layout-constrained\" style=\"margin-top:0;margin-bottom:0;padding-top:var(--wp--preset--spacing--superbspacing-xxlarge);padding-right:var(--wp--preset--spacing--superbspacing-small);padding-bottom:var(--wp--preset--spacing--superbspacing-xxlarge);padding-left:var(--wp--preset--spacing--superbspacing-small)\">\n<div class=\"wp-block-columns alignwide is-layout-flex wp-container-core-columns-is-layout-28f84493 wp-block-columns-is-layout-flex\">\n<div class=\"wp-block-column is-layout-flow wp-block-column-is-layout-flow\">\n<div class=\"wp-block-group has-global-padding is-layout-constrained wp-container-core-group-is-layout-85cc789f wp-block-group-is-layout-constrained\">\n<div class=\"wp-block-group has-global-padding is-layout-constrained wp-container-core-group-is-layout-685a0924 wp-block-group-is-layout-constrained\" style=\"border-left-color:var(--wp--preset--color--primary);border-left-width:4px;padding-left:var(--wp--preset--spacing--superbspacing-xxsmall)\">\n<p class=\"has-text-align-left has-secondary-color has-text-color has-superbfont-small-font-size\"><strong> Co to vlastn\u011b Alja\u0161sk\u00e1 po\u0161ta je? P\u0159i velmi povrchn\u00edm pohledu ji m\u016f\u017eeme popsat jako no\u010dn\u00ed z\u00e1vod s plnou bag\u00e1\u017e\u00ed v zimn\u00edch podm\u00ednk\u00e1ch. Toto je ale velmi zb\u011b\u017en\u00fd pohled. Kdybychom ji m\u011bli definovat, tak je to hlavn\u011b setk\u00e1n\u00ed s kamar\u00e1dy, z nich\u017e jsme n\u011bkter\u00e9 cel\u00fd rok nevid\u011bli, ch\u016fze v t\u0159eskut\u00e9 zim\u011b, bloud\u011bn\u00ed ve tm\u011b a v mlze, tajupln\u00e9 p\u0159esuny v prostoru a \u010dase, kdy kamar\u00e1di , kte\u0159\u00ed vy\u0161li spolu, p\u0159ich\u00e1zej\u00ed na kontrolu ze \u010dty\u0159 sv\u011btov\u00fdch stran, trocha sci-fi na cest\u011b, kdy kamar\u00e1d, kter\u00fd s v\u00e1mi vy\u0161el na startu, p\u0159ich\u00e1z\u00ed na kontrolu z p\u00e1t\u00e9 sv\u011btov\u00e9 strany, zasn\u011b\u017een\u00e9 vousy, tepl\u00fd \u010daj, n\u011bco pro zah\u0159\u00e1t\u00ed, pomoc kamar\u00e1d\u016f, bolav\u00e9 nohy, p\u0159\u00edb\u011bhy na cest\u011b, nar\u016fstaj\u00edc\u00ed zoufalost s p\u0159ib\u00fdvaj\u00edc\u00edmi kilometry, radost z nalezen\u00e9ho c\u00edle , deprese z pozn\u00e1n\u00ed, \u017ee to nen\u00ed c\u00edl, \u010dek\u00e1n\u00ed na vlastn\u00ed pl\u00edce, &#8222;radostn\u00fd&#8220; pohovor s desper\u00e1tem, span\u00ed v teple, p\u0159\u00edjemn\u011b pro\u017eit\u00e1 sobota s p\u00edsni\u010dkami, hazardn\u00edmi hrami, tancov\u00e1n\u00edm, sout\u011b\u017eemi, dobr\u00fdm mokem k ob\u010derstven\u00ed a nakonec dra\u017ebou, kde se mohou z\u00faro\u010dit t\u011b\u017ece vyd\u011blan\u00e9 alja\u0161sk\u00e9 dolary. Alja\u0161ka se sest\u00e1v\u00e1 pr\u00e1v\u011b z tohoto v\u00fd\u010dtu a t\u011bch polo\u017eek je mnohem v\u00edc, ale nelze ps\u00e1t o v\u0161ech. Je to krok mimo \u010das, kdy tr\u00e1v\u00edte v\u00edkend oprost\u011bni od v\u0161ech aktivit na\u0161eho komer\u010dn\u00edho sv\u011bta, je to zastaven\u00ed \u010dasu, i kdy\u017e jen na dva dny. Tyto str\u00e1nky v\u00e1m umo\u017en\u00ed vr\u00e1tit se nazp\u011bt a znovu pro\u017e\u00edt tu n\u00e1dhernou atmosf\u00e9ru. Proto tak\u00e9 vznikly.<\/strong><br><strong>&nbsp; PS: P\u00e1t\u00e1 sv\u011btov\u00e1 strana se jmenuje &#8222;Bludn\u00fd sever&#8220; &nbsp; &nbsp; &nbsp; &nbsp; &nbsp; &nbsp; &nbsp; &nbsp; &nbsp; &nbsp; &nbsp;&nbsp;<\/strong><em>L\u00e1d\u00ednek<\/em><\/p>\n<\/div>\n<\/div>\n<\/div>\n<\/div>\n<\/div>\n\n\n\n<div class=\"wp-block-group alignfull has-mono-4-background-color has-background has-global-padding is-layout-constrained wp-container-core-group-is-layout-c3433f61 wp-block-group-is-layout-constrained\" style=\"margin-top:0;margin-bottom:0;padding-top:var(--wp--preset--spacing--superbspacing-xxlarge);padding-right:var(--wp--preset--spacing--superbspacing-small);padding-bottom:var(--wp--preset--spacing--superbspacing-xxlarge);padding-left:var(--wp--preset--spacing--superbspacing-small)\"><\/div>\n\n\n\n<div class=\"wp-block-group alignfull has-mono-4-background-color has-background has-global-padding is-layout-constrained wp-container-core-group-is-layout-c3433f61 wp-block-group-is-layout-constrained\" style=\"margin-top:0;margin-bottom:0;padding-top:var(--wp--preset--spacing--superbspacing-xxlarge);padding-right:var(--wp--preset--spacing--superbspacing-small);padding-bottom:var(--wp--preset--spacing--superbspacing-xxlarge);padding-left:var(--wp--preset--spacing--superbspacing-small)\">\n<div class=\"wp-block-columns alignwide is-layout-flex wp-container-core-columns-is-layout-25593187 wp-block-columns-is-layout-flex\">\n<div class=\"wp-block-column is-vertically-aligned-center is-layout-flow wp-container-core-column-is-layout-40a2a7e8 wp-block-column-is-layout-flow\" style=\"padding-right:0;padding-bottom:0;padding-left:0\">\n<figure class=\"wp-block-image size-large has-custom-border\"><img decoding=\"async\" src=\"https:\/\/aljasska-posta.cz\/wp-content\/uploads\/2026\/03\/lp7-sonoran-feature2.jpg\" alt=\"\" style=\"border-radius:8px\"\/><\/figure>\n<\/div>\n\n\n\n<div class=\"wp-block-column is-vertically-aligned-center is-layout-flow wp-container-core-column-is-layout-a1628350 wp-block-column-is-layout-flow\" style=\"padding-top:0;padding-right:0;padding-bottom:0;padding-left:0\">\n<div class=\"wp-block-group is-layout-flow wp-container-core-group-is-layout-ff697075 wp-block-group-is-layout-flow\">\n<h3 class=\"wp-block-heading has-text-align-left has-superbfont-xlarge-font-size\">Experience a Journey to Beauty and Selfcare<\/h3>\n\n\n\n<p class=\"has-text-align-left has-secondary-color has-text-color has-superbfont-small-font-size\">Our templates are the perfect solution for anyone who wants to launch a website without having to learn how to code. With a wide range of customization options, you can create a website that truly represents your brand. So why wait? Make your website a reality today!<\/p>\n<\/div>\n\n\n\n<div class=\"wp-block-buttons is-layout-flex wp-container-core-buttons-is-layout-69f3c5ca wp-block-buttons-is-layout-flex\">\n<div class=\"wp-block-button\"><a class=\"wp-block-button__link has-superbfont-small-font-size has-custom-font-size wp-element-button\" style=\"padding-top:var(--wp--preset--spacing--superbspacing-xsmall);padding-right:var(--wp--preset--spacing--superbspacing-xsmall);padding-bottom:var(--wp--preset--spacing--superbspacing-xsmall);padding-left:var(--wp--preset--spacing--superbspacing-xsmall)\">Read More \u2192<\/a><\/div>\n\n\n\n<div class=\"wp-block-button is-style-outline is-style-outline--2\"><a class=\"wp-block-button__link has-primary-color has-text-color has-superbfont-small-font-size has-custom-font-size wp-element-button\" style=\"border-style:none;border-width:0px;padding-top:var(--wp--preset--spacing--superbspacing-xsmall);padding-right:var(--wp--preset--spacing--superbspacing-xsmall);padding-bottom:var(--wp--preset--spacing--superbspacing-xsmall);padding-left:var(--wp--preset--spacing--superbspacing-xsmall)\">Learn more<\/a><\/div>\n<\/div>\n<\/div>\n<\/div>\n\n\n\n<div class=\"wp-block-columns alignwide is-layout-flex wp-container-core-columns-is-layout-3ae839bb wp-block-columns-is-layout-flex\" style=\"border-radius:0px;padding-top:0;padding-right:0;padding-bottom:0;padding-left:0\">\n<div class=\"wp-block-column is-vertically-aligned-center is-layout-flow wp-container-core-column-is-layout-eef95d05 wp-block-column-is-layout-flow\" style=\"padding-top:0px;padding-right:0px;padding-bottom:0px;padding-left:0px\">\n<div class=\"wp-block-group has-border-color has-mono-3-border-color has-base-background-color has-background has-global-padding is-layout-constrained wp-container-core-group-is-layout-c43ad301 wp-block-group-is-layout-constrained\" style=\"border-width:1px;border-radius:8px;padding-top:var(--wp--preset--spacing--superbspacing-small);padding-right:var(--wp--preset--spacing--superbspacing-small);padding-bottom:var(--wp--preset--spacing--superbspacing-small);padding-left:var(--wp--preset--spacing--superbspacing-small)\">\n<p class=\"has-text-align-left has-secondary-color has-text-color has-superbfont-xsmall-font-size\">Lorem ipsum dolor sit amet, consectetur adipiscing elit. Etiam non nisl in velit dignissim mollis a rhoncus dolor. Vivamus egestas condimentum erat, in iaculis nulla blandit ut.<\/p>\n\n\n\n<div class=\"wp-block-group is-nowrap is-layout-flex wp-container-core-group-is-layout-b098208d wp-block-group-is-layout-flex\">\n<figure class=\"wp-block-image aligncenter size-large is-resized has-custom-border\"><img decoding=\"async\" src=\"https:\/\/aljasska-posta.cz\/wp-content\/uploads\/2026\/03\/lp7-testimonial-avatar1.jpg\" alt=\"\" style=\"border-radius:50%;width:48px;height:48px\"\/><\/figure>\n\n\n\n<div class=\"wp-block-group is-vertical is-content-justification-left is-layout-flex wp-container-core-group-is-layout-2290e706 wp-block-group-is-layout-flex\">\n<h2 class=\"wp-block-heading has-text-align-left has-contrast-color has-text-color has-alegreya-font-family has-superbfont-small-font-size\">Pauline Gilbert<\/h2>\n\n\n\n<p class=\"has-text-align-left has-primary-color has-text-color has-superbfont-xsmall-font-size\">Taveler to Barcelona<\/p>\n<\/div>\n<\/div>\n<\/div>\n<\/div>\n\n\n\n<div class=\"wp-block-column is-vertically-aligned-center is-layout-flow wp-container-core-column-is-layout-eef95d05 wp-block-column-is-layout-flow\" style=\"padding-top:0px;padding-right:0px;padding-bottom:0px;padding-left:0px\">\n<div class=\"wp-block-group has-border-color has-mono-3-border-color has-base-background-color has-background has-global-padding is-layout-constrained wp-container-core-group-is-layout-c43ad301 wp-block-group-is-layout-constrained\" style=\"border-width:1px;border-radius:8px;padding-top:var(--wp--preset--spacing--superbspacing-small);padding-right:var(--wp--preset--spacing--superbspacing-small);padding-bottom:var(--wp--preset--spacing--superbspacing-small);padding-left:var(--wp--preset--spacing--superbspacing-small)\">\n<p class=\"has-text-align-left has-secondary-color has-text-color has-superbfont-xsmall-font-size\">Lorem ipsum dolor sit amet, consectetur adipiscing elit. Etiam non nisl in velit dignissim mollis a rhoncus dolor. Vivamus egestas condimentum erat, in iaculis nulla blandit ut.<\/p>\n\n\n\n<div class=\"wp-block-group is-nowrap is-layout-flex wp-container-core-group-is-layout-b098208d wp-block-group-is-layout-flex\">\n<figure class=\"wp-block-image aligncenter size-large is-resized has-custom-border\"><img decoding=\"async\" src=\"https:\/\/aljasska-posta.cz\/wp-content\/uploads\/2026\/03\/lp7-testimonial-avatar2.jpg\" alt=\"\" style=\"border-radius:50%;width:48px;height:48px\"\/><\/figure>\n\n\n\n<div class=\"wp-block-group is-vertical is-content-justification-left is-layout-flex wp-container-core-group-is-layout-2290e706 wp-block-group-is-layout-flex\">\n<h2 class=\"wp-block-heading has-text-align-left has-contrast-color has-text-color has-alegreya-font-family has-superbfont-small-font-size\">Nathan May<\/h2>\n\n\n\n<p class=\"has-text-align-left has-primary-color has-text-color has-superbfont-xsmall-font-size\">Taveler to Japan<\/p>\n<\/div>\n<\/div>\n<\/div>\n<\/div>\n\n\n\n<div class=\"wp-block-column is-vertically-aligned-center is-layout-flow wp-container-core-column-is-layout-eef95d05 wp-block-column-is-layout-flow\" style=\"padding-top:0px;padding-right:0px;padding-bottom:0px;padding-left:0px\">\n<div class=\"wp-block-group has-border-color has-mono-3-border-color has-base-background-color has-background has-global-padding is-layout-constrained wp-container-core-group-is-layout-c43ad301 wp-block-group-is-layout-constrained\" style=\"border-width:1px;border-radius:8px;padding-top:var(--wp--preset--spacing--superbspacing-small);padding-right:var(--wp--preset--spacing--superbspacing-small);padding-bottom:var(--wp--preset--spacing--superbspacing-small);padding-left:var(--wp--preset--spacing--superbspacing-small)\">\n<p class=\"has-text-align-left has-secondary-color has-text-color has-superbfont-xsmall-font-size\">Lorem ipsum dolor sit amet, consectetur adipiscing elit. Etiam non nisl in velit dignissim mollis a rhoncus dolor. Vivamus egestas condimentum erat, in iaculis nulla blandit ut.<\/p>\n\n\n\n<div class=\"wp-block-group is-nowrap is-layout-flex wp-container-core-group-is-layout-b098208d wp-block-group-is-layout-flex\">\n<figure class=\"wp-block-image aligncenter size-large is-resized has-custom-border\"><img decoding=\"async\" src=\"https:\/\/aljasska-posta.cz\/wp-content\/uploads\/2026\/03\/lp-7-testimonial-avatar3.jpg\" alt=\"\" style=\"border-radius:50%;width:48px;height:48px\"\/><\/figure>\n\n\n\n<div class=\"wp-block-group is-vertical is-content-justification-left is-layout-flex wp-container-core-group-is-layout-2290e706 wp-block-group-is-layout-flex\">\n<h2 class=\"wp-block-heading has-text-align-left has-contrast-color has-text-color has-alegreya-font-family has-superbfont-small-font-size\">Danielle Knight<\/h2>\n\n\n\n<p class=\"has-text-align-left has-primary-color has-text-color has-superbfont-xsmall-font-size\">Taveler to Mexico<\/p>\n<\/div>\n<\/div>\n<\/div>\n<\/div>\n<\/div>\n<\/div>\n\n\n\n<div class=\"wp-block-group alignfull has-base-background-color has-background has-global-padding is-layout-constrained wp-container-core-group-is-layout-8e9096b7 wp-block-group-is-layout-constrained\" style=\"margin-top:0;margin-bottom:0;padding-top:var(--wp--preset--spacing--superbspacing-xxlarge);padding-right:var(--wp--preset--spacing--superbspacing-small);padding-bottom:var(--wp--preset--spacing--superbspacing-xxlarge);padding-left:var(--wp--preset--spacing--superbspacing-small)\">\n<div class=\"wp-block-cover alignwide is-light\" style=\"border-radius:8px;padding-top:var(--wp--preset--spacing--superbspacing-xxlarge);padding-right:var(--wp--preset--spacing--superbspacing-medium);padding-bottom:var(--wp--preset--spacing--superbspacing-xxlarge);padding-left:var(--wp--preset--spacing--superbspacing-medium)\"><img decoding=\"async\" class=\"wp-block-cover__image-background wp-image-2335\" alt=\"\" src=\"https:\/\/aljasska-posta.cz\/wp-content\/uploads\/2026\/03\/lp7-sonoran-cta1.jpg\" data-object-fit=\"cover\"\/><span aria-hidden=\"true\" class=\"wp-block-cover__background has-background-dim-20 has-background-dim\"><\/span><div class=\"wp-block-cover__inner-container has-global-padding is-layout-constrained wp-container-core-cover-is-layout-5c6e2135 wp-block-cover-is-layout-constrained\">\n<div class=\"wp-block-group has-global-padding is-layout-constrained wp-container-core-group-is-layout-e52907a5 wp-block-group-is-layout-constrained\">\n<h3 class=\"wp-block-heading has-text-align-center has-contrast-light-color has-text-color has-superbfont-xxlarge-font-size\">Travel With Me<\/h3>\n\n\n\n<p class=\"has-text-align-center has-contrast-light-color has-text-color has-superbfont-small-font-size\">Lorem ipsum dolor sit amet, consectetur adipiscing elit. Etiam non nisl in velit dignissim mollis a rhoncus dolor.<\/p>\n<\/div>\n\n\n\n<div class=\"wp-block-group has-contrast-light-background-color has-background has-global-padding is-layout-constrained wp-container-core-group-is-layout-ebe61d59 wp-block-group-is-layout-constrained\" style=\"border-radius:8px;padding-top:var(--wp--preset--spacing--superbspacing-xsmall);padding-right:var(--wp--preset--spacing--superbspacing-small);padding-bottom:var(--wp--preset--spacing--superbspacing-xsmall);padding-left:var(--wp--preset--spacing--superbspacing-small)\">\n<div class=\"wp-block-columns are-vertically-aligned-center is-layout-flex wp-container-core-columns-is-layout-28f84493 wp-block-columns-is-layout-flex\">\n<div class=\"wp-block-column is-vertically-aligned-center is-layout-flow wp-block-column-is-layout-flow\" style=\"flex-basis:70%\">\n<h3 class=\"wp-block-heading has-text-align-left has-contrast-dark-color has-text-color has-superbfont-small-font-size\">\ud83c\udf0d Start exploring the world today!<\/h3>\n<\/div>\n\n\n\n<div class=\"wp-block-column is-vertically-aligned-center is-layout-flow wp-block-column-is-layout-flow\">\n<div class=\"wp-block-buttons is-layout-flex wp-container-core-buttons-is-layout-69f3c5ca wp-block-buttons-is-layout-flex\">\n<div class=\"wp-block-button has-custom-width wp-block-button__width-100\"><a class=\"wp-block-button__link has-superbfont-small-font-size has-custom-font-size wp-element-button\" style=\"padding-top:var(--wp--preset--spacing--superbspacing-xsmall);padding-right:var(--wp--preset--spacing--superbspacing-xsmall);padding-bottom:var(--wp--preset--spacing--superbspacing-xsmall);padding-left:var(--wp--preset--spacing--superbspacing-xsmall)\">Contact us \u2192<\/a><\/div>\n<\/div>\n<\/div>\n<\/div>\n<\/div>\n<\/div><\/div>\n\n\n\n<div class=\"wp-block-columns alignwide is-layout-flex wp-container-core-columns-is-layout-25593187 wp-block-columns-is-layout-flex\">\n<div class=\"wp-block-column is-vertically-aligned-center is-layout-flow wp-container-core-column-is-layout-8a368f38 wp-block-column-is-layout-flow\">\n<div class=\"wp-block-group has-primary-background-color has-background has-global-padding is-content-justification-left is-layout-constrained wp-container-core-group-is-layout-bcc04a8e wp-block-group-is-layout-constrained\" style=\"border-radius:8px;padding-top:var(--wp--preset--spacing--superbspacing-medium);padding-right:var(--wp--preset--spacing--superbspacing-medium);padding-bottom:var(--wp--preset--spacing--superbspacing-medium);padding-left:var(--wp--preset--spacing--superbspacing-medium)\">\n<div class=\"wp-block-group is-nowrap is-layout-flex wp-container-core-group-is-layout-6c531013 wp-block-group-is-layout-flex\">\n<figure class=\"wp-block-image aligncenter size-large is-resized\"><img decoding=\"async\" src=\"https:\/\/aljasska-posta.cz\/wp-content\/uploads\/2026\/03\/lp7-sonoran-article-1.png\" alt=\"\" style=\"width:48px;height:undefinedpx\"\/><\/figure>\n<\/div>\n\n\n\n<div class=\"wp-block-group has-global-padding is-layout-constrained wp-container-core-group-is-layout-d598ad9d wp-block-group-is-layout-constrained\">\n<h3 class=\"wp-block-heading has-text-align-left has-contrast-light-color has-text-color has-alegreya-font-family has-superbfont-medium-font-size\">Read our travel blog<\/h3>\n\n\n\n<p class=\"has-text-align-left has-contrast-light-color has-text-color has-superbfont-xsmall-font-size\">Lorem ipsum dolor sit amet, consectetur adipiscing elit. Etiam non nisl in velit dignissim mollis a rhoncus dolor.<\/p>\n<\/div>\n\n\n\n<h3 class=\"wp-block-heading has-text-align-left has-contrast-light-color has-text-color has-superbfont-small-font-size\">Read blog \u2192<\/h3>\n<\/div>\n<\/div>\n\n\n\n<div class=\"wp-block-column is-vertically-aligned-center is-layout-flow wp-container-core-column-is-layout-e38e6d2d wp-block-column-is-layout-flow\">\n<div class=\"wp-block-group has-mono-4-background-color has-background has-global-padding is-content-justification-left is-layout-constrained wp-container-core-group-is-layout-bcc04a8e wp-block-group-is-layout-constrained\" style=\"border-radius:8px;padding-top:var(--wp--preset--spacing--superbspacing-medium);padding-right:var(--wp--preset--spacing--superbspacing-medium);padding-bottom:var(--wp--preset--spacing--superbspacing-medium);padding-left:var(--wp--preset--spacing--superbspacing-medium)\">\n<div class=\"wp-block-group is-nowrap is-layout-flex wp-container-core-group-is-layout-6c531013 wp-block-group-is-layout-flex\">\n<figure class=\"wp-block-image aligncenter size-large is-resized\"><img decoding=\"async\" src=\"https:\/\/aljasska-posta.cz\/wp-content\/uploads\/2026\/03\/lp7-sonoran-wechat-logo.png\" alt=\"\" style=\"width:48px;height:48px\"\/><\/figure>\n<\/div>\n\n\n\n<div class=\"wp-block-group has-global-padding is-layout-constrained wp-container-core-group-is-layout-d598ad9d wp-block-group-is-layout-constrained\">\n<h3 class=\"wp-block-heading has-text-align-left has-contrast-color has-text-color has-alegreya-font-family has-superbfont-medium-font-size\">Contact me<\/h3>\n\n\n\n<p class=\"has-text-align-left has-secondary-color has-text-color has-superbfont-xsmall-font-size\">Lorem ipsum dolor sit amet, consectetur adipiscing elit. Etiam non nisl in velit dignissim mollis a rhoncus dolor.<\/p>\n<\/div>\n\n\n\n<h3 class=\"wp-block-heading has-text-align-left has-primary-color has-text-color has-superbfont-small-font-size\"><a href=\"mailto:example@email.com\">example@email.com<\/a><\/h3>\n<\/div>\n<\/div>\n<\/div>\n<\/div>\n","protected":false},"excerpt":{"rendered":"<p>Co to vlastn\u011b Alja\u0161sk\u00e1 po\u0161ta je? P\u0159i velmi povrchn\u00edm pohledu ji m\u016f\u017eeme popsat jako no\u010dn\u00ed z\u00e1vod s plnou bag\u00e1\u017e\u00ed v zimn\u00edch podm\u00ednk\u00e1ch. Toto je ale velmi zb\u011b\u017en\u00fd pohled. Kdybychom ji m\u011bli definovat, tak je to hlavn\u011b setk\u00e1n\u00ed s kamar\u00e1dy, z nich\u017e jsme n\u011bkter\u00e9 cel\u00fd rok nevid\u011bli, ch\u016fze v t\u0159eskut\u00e9 zim\u011b, bloud\u011bn\u00ed ve tm\u011b a v&#8230;<\/p>\n","protected":false},"author":1,"featured_media":0,"parent":0,"menu_order":0,"comment_status":"closed","ping_status":"closed","template":"superbaddons-page-template","meta":{"footnotes":""},"class_list":["post-29","page","type-page","status-publish","hentry"],"_links":{"self":[{"href":"https:\/\/aljasska-posta.cz\/index.php?rest_route=\/wp\/v2\/pages\/29","targetHints":{"allow":["GET"]}}],"collection":[{"href":"https:\/\/aljasska-posta.cz\/index.php?rest_route=\/wp\/v2\/pages"}],"about":[{"href":"https:\/\/aljasska-posta.cz\/index.php?rest_route=\/wp\/v2\/types\/page"}],"author":[{"embeddable":true,"href":"https:\/\/aljasska-posta.cz\/index.php?rest_route=\/wp\/v2\/users\/1"}],"replies":[{"embeddable":true,"href":"https:\/\/aljasska-posta.cz\/index.php?rest_route=%2Fwp%2Fv2%2Fcomments&post=29"}],"version-history":[{"count":7,"href":"https:\/\/aljasska-posta.cz\/index.php?rest_route=\/wp\/v2\/pages\/29\/revisions"}],"predecessor-version":[{"id":79,"href":"https:\/\/aljasska-posta.cz\/index.php?rest_route=\/wp\/v2\/pages\/29\/revisions\/79"}],"wp:attachment":[{"href":"https:\/\/aljasska-posta.cz\/index.php?rest_route=%2Fwp%2Fv2%2Fmedia&parent=29"}],"curies":[{"name":"wp","href":"https:\/\/api.w.org\/{rel}","templated":true}]}}