{"id":37,"date":"2026-03-05T21:33:12","date_gmt":"2026-03-05T20:33:12","guid":{"rendered":"https:\/\/aljasska-posta.cz\/?page_id=37"},"modified":"2026-03-06T18:55:47","modified_gmt":"2026-03-06T17:55:47","slug":"historie","status":"publish","type":"page","link":"https:\/\/aljasska-posta.cz\/?page_id=37","title":{"rendered":"Historie"},"content":{"rendered":"\n<div class=\"wp-block-cover alignfull is-light has-contrast-color has-text-color has-link-color wp-elements-375dd9ab7c86eb9086c707c899f308fc\" style=\"margin-top:0;margin-bottom:0;padding-top:var(--wp--preset--spacing--60);padding-right:var(--wp--preset--spacing--50);padding-bottom:var(--wp--preset--spacing--60);padding-left:var(--wp--preset--spacing--50)\"><span aria-hidden=\"true\" class=\"wp-block-cover__background has-base-background-color has-background-dim-100 has-background-dim\"><\/span><div class=\"wp-block-cover__inner-container has-global-padding is-layout-constrained wp-container-core-cover-is-layout-873ee6b1 wp-block-cover-is-layout-constrained\">\n<div class=\"wp-block-columns alignwide is-layout-flex wp-container-core-columns-is-layout-7ee84d44 wp-block-columns-is-layout-flex\">\n<div class=\"wp-block-column is-layout-flow wp-block-column-is-layout-flow\" style=\"flex-basis:65%\">\n<div class=\"wp-block-group is-vertical is-content-justification-stretch is-layout-flex wp-container-core-group-is-layout-353c4f5a wp-block-group-is-layout-flex\">\n<p class=\"is-style-text-subtitle\"><strong>Alja\u0161ka vznikla na po\u010d\u00e1tku roku 1989. U zrodu t\u00e9to akce byl M\u00edra a Lada. Motivem bylo, \u017ee vandr\u00e1ci nemaj\u00ed v zim\u011b co d\u011blat a inspirac\u00ed jim byla kniha Jacka Londona B\u00edl\u00fd den. Z\u00e1rove\u0148 \u2013 pro\u010d se nesetkat s kamar\u00e1dy i v zim\u011b. P\u016fvodn\u00ed Alja\u0161ka byla o tomto setk\u00e1n\u00ed. Postupn\u011b se rozr\u016fstala a bylo nutno toto organiza\u010dn\u011b zvl\u00e1dat. Za\u010dali se p\u0159ib\u00edrat dal\u0161\u00ed kamar\u00e1di do \u0159ad po\u0159adatel\u016f, nejprve byli \u010dty\u0159i: M\u00edra, Lada, Plech a Havran, posl\u00e9ze do\u0161lo k dal\u0161\u00edmu roz\u0161i\u0159ov\u00e1n\u00ed a\u017e vznikla Spole\u010dnost Alja\u0161sk\u00e9 po\u0161ty, kter\u00e1 se sest\u00e1vala z M\u00edry, \u010culdy, D\u011bdka, Havrana, Petra, Lukise, Pavly, \u00c1ji, Fanou\u0161e, L\u00e1d\u00ednka, Dima a desper\u00e1t\u016f ( ne\u010dek\u00e1te douf\u00e1m, \u017ee je budu jmenovat ). Po M\u00edrovi se veden\u00ed t\u00e9to akce ujal na dva roky \u010culda a v sou\u010dasn\u00e9 dob\u011b je n\u00e1\u010deln\u00edkem Havran. Ve spole\u010dnosti jsou nyn\u00ed krom\u011b Havrana d\u00e1le \u00c1ja, \u010culda, Lukis, L\u00e1d\u00ednek, L\u00e1\u010fa, Fanda, Barman, Mari\u0148\u00e1k a Dimoun. D\u00e1le jsme hledali v\u011bt\u0161\u00ed s\u00e1ly, roz\u0161i\u0159oval se program a n\u00e1pl\u0148. Po prvn\u00edch zku\u0161enostech se ust\u00e1lila celkov\u00e1 d\u00e9lka, kter\u00e1 od \u010dtvrt\u00e9 Alja\u0161ky \u010din\u00ed zhruba plus m\u00ednus 30 kilometr\u016f ( teda pokud nikde nezabloud\u00edte ). Nejdel\u0161\u00ed byla t\u0159et\u00ed Alja\u0161ka ze Sob\u011bslavi do Morav\u010de, kter\u00e1 m\u011b\u0159ila 41 kilometr\u016f, nejkrat\u0161\u00ed druh\u00e1 a devaten\u00e1ct\u00e1, kter\u00e9 m\u011b\u0159ily 21 kilometr\u016f. Roz\u0161i\u0159oval se i po\u010det po\u0161\u0165\u00e1k\u016f, nejv\u00edc jich \u0161lo 246 na t\u0159in\u00e1ct\u00e9 Alja\u0161ce, nejm\u00e9n\u011b 35 na prvn\u00ed. Rozr\u016fstal se i po\u010det desper\u00e1t\u016f, od osam\u011bl\u00e9ho jedince po celou bandu. Nej\u00fasp\u011b\u0161n\u011bj\u0161\u00ed desper\u00e1tsk\u00e1 akce byla na 13. Alja\u0161ce, kde se jim poda\u0159ilo dostat 125 lid\u00ed. Celkov\u011b na Alja\u0161ce hr\u00e1ly t\u0159i kapely, trvaleji Ba\u010da s Alja\u0161ka bandem a nyn\u011bj\u0161\u00ed Knokaut. Nejhor\u0161\u00ed po\u010das\u00ed m\u011bla jeden\u00e1ct\u00e1 Alja\u0161ka, kdy foukal ost\u00fd v\u00edtr a bylo -20 stup\u0148\u016f. Nejkrat\u0161\u00ed dra\u017eba byla na sedm\u00e9m ro\u010dn\u00edku, trvala asi 15 minut, nejdel\u0161\u00ed na 17. ro\u010dn\u00edku s d\u00e9lkou hodina \u010dty\u0159icet. Co se t\u00fd\u010de dra\u017eby, cht\u011bl bych pod\u011bkovat kamar\u00e1d\u016fm, kte\u0159\u00ed a\u010d nejsou po\u0159adatel\u00e9, p\u0159in\u00e1\u0161ej\u00ed nezi\u0161tn\u011b do dra\u017eby hodnotn\u00e9 p\u0159edm\u011bty. Mezi dal\u0161\u00ed historick\u00e9 rekordy pat\u0159\u00ed n\u011bkolikr\u00e1t m\u00e1lem vypit\u00e9 hospody a 1200 zkonzumovan\u00fdch j\u00eddel na t\u0159in\u00e1ct\u00e9 Alja\u0161ce.<\/strong><\/p>\n<\/div>\n<\/div>\n\n\n\n<div class=\"wp-block-column is-layout-flow wp-block-column-is-layout-flow\" style=\"flex-basis:35%\">\n<div class=\"wp-block-group is-vertical is-content-justification-stretch is-nowrap is-layout-flex wp-container-core-group-is-layout-73b0033c wp-block-group-is-layout-flex\">\n<figure class=\"wp-block-image size-full\"><img decoding=\"async\" src=\"https:\/\/aljasska-posta.cz\/wp-content\/themes\/twentytwentyfive\/assets\/images\/woman-splashing-water.webp\" alt=\"Woman on beach, splashing water.\" style=\"aspect-ratio:3\/4;object-fit:cover\"\/><\/figure>\n\n\n\n<p class=\"has-text-align-right has-x-large-font-size\" style=\"line-height:1.2\"><\/p>\n<\/div>\n<\/div>\n<\/div>\n<\/div><\/div>\n","protected":false},"excerpt":{"rendered":"","protected":false},"author":1,"featured_media":0,"parent":0,"menu_order":0,"comment_status":"closed","ping_status":"closed","template":"","meta":{"footnotes":""},"class_list":["post-37","page","type-page","status-publish","hentry"],"_links":{"self":[{"href":"https:\/\/aljasska-posta.cz\/index.php?rest_route=\/wp\/v2\/pages\/37","targetHints":{"allow":["GET"]}}],"collection":[{"href":"https:\/\/aljasska-posta.cz\/index.php?rest_route=\/wp\/v2\/pages"}],"about":[{"href":"https:\/\/aljasska-posta.cz\/index.php?rest_route=\/wp\/v2\/types\/page"}],"author":[{"embeddable":true,"href":"https:\/\/aljasska-posta.cz\/index.php?rest_route=\/wp\/v2\/users\/1"}],"replies":[{"embeddable":true,"href":"https:\/\/aljasska-posta.cz\/index.php?rest_route=%2Fwp%2Fv2%2Fcomments&post=37"}],"version-history":[{"count":6,"href":"https:\/\/aljasska-posta.cz\/index.php?rest_route=\/wp\/v2\/pages\/37\/revisions"}],"predecessor-version":[{"id":61,"href":"https:\/\/aljasska-posta.cz\/index.php?rest_route=\/wp\/v2\/pages\/37\/revisions\/61"}],"wp:attachment":[{"href":"https:\/\/aljasska-posta.cz\/index.php?rest_route=%2Fwp%2Fv2%2Fmedia&parent=37"}],"curies":[{"name":"wp","href":"https:\/\/api.w.org\/{rel}","templated":true}]}}