{"id":63,"date":"2026-03-06T19:02:39","date_gmt":"2026-03-06T18:02:39","guid":{"rendered":"https:\/\/aljasska-posta.cz\/?page_id=63"},"modified":"2026-03-06T19:02:39","modified_gmt":"2026-03-06T18:02:39","slug":"pravidla","status":"publish","type":"page","link":"https:\/\/aljasska-posta.cz\/?page_id=63","title":{"rendered":"Pravidla"},"content":{"rendered":"\n<p><strong>Alja\u0161sk\u00e1 po\u0161ta je trampsk\u00e1 akce pro kamar\u00e1dy, vandr\u00e1ky, trampy, kte\u0159\u00ed jsou ochotni z\u00fa\u010dastnit se pon\u011bkud drsn\u011bj\u0161\u00ed akce a tedy nejen letn\u00edho potulov\u00e1n\u00ed po p\u0159\u00edrod\u011b. Z\u00e1vod po\u0159\u00e1d\u00e1 takzvan\u00e1 Spole\u010dnost alja\u0161sk\u00e9 po\u0161ty, co\u017e je parta kamar\u00e1d\u016f, z nich\u017e n\u011bkte\u0159\u00ed se znaj\u00ed d\u00e9le ne\u017e \u010dtvrt stolet\u00ed. Je n\u00e1s cirka dvan\u00e1ct a ka\u017ed\u00fd m\u00e1me na starosti n\u011bco. Od nalezen\u00ed a nasmlouv\u00e1n\u00ed c\u00edlov\u00e9 hospody se s\u00e1lem a\u017e po organizaci vlastn\u00edho z\u00e1vodu. Trasa z\u00e1vodu je veden\u00e1 poka\u017ed\u00e9 jinudy, poka\u017ed\u00e9 m\u00e1 jin\u00fd start a jin\u00fd c\u00edl a v\u011bt\u0161inou m\u00edv\u00e1 okolo t\u0159iceti kilometr\u016f. Vyr\u00e1\u017e\u00ed se v\u017edy v p\u00e1tek p\u0159ed p\u016flnoc\u00ed s plnou poln\u00ed ze startu, co\u017e je v\u017edy vlakov\u00e1 stanice. Po cest\u011b jsou um\u00edst\u011bny zhruba v ka\u017ed\u00e9 \u010dtvrtin\u011b t\u0159i kontroly, kde v\u017edy stoj\u00ed n\u011bkdo ze Spole\u010dnosti a raz\u00edtkuje z\u00e1vodn\u00edk\u016fm mapy pro fin\u00e1ln\u00ed kontrolu v c\u00edli. Kdo nem\u00e1 v\u0161echna raz\u00edtka, jakoby nedo\u0161el. Po cest\u011b m\u016f\u017ee ohrozit po\u0161\u0165\u00e1ka desper\u00e1t(i), co\u017e je tajn\u00fd \u010dlen Spole\u010dnosti, kter\u00fd v\u00e1s obere o dolary a znemo\u017en\u00ed v\u00e1m \u00fa\u010dast na jeho dopaden\u00ed. Naopak, pokud se v\u00e1m poda\u0159\u00ed desper\u00e1ta polapit, z\u00edsk\u00e1v\u00e1te pr\u00e9mii. V c\u00edli \u010dek\u00e1 na ka\u017ed\u00e9ho z\u00e1vodn\u00edka vytopen\u00fd s\u00e1l, hospoda otev\u0159en\u00e1 nonstop, fin\u00e1ln\u00ed c\u00edlov\u00e1 kontrola, n\u011bjak\u00fd ten \u010daj, k\u00e1va \u010di grog zdarma a pades\u00e1t Alja\u0161sk\u00fdch dolar\u016f. Spolu s dvackou stejn\u00e9 m\u011bny danou ka\u017ed\u00e9mu na startu jako z\u00e1loha, tvo\u0159\u00ed t\u011bchhle sedmdes\u00e1t dolar\u016f po\u010d\u00e1te\u010dn\u00ed z\u00e1vodn\u00edkovu hotovost. Po projit\u00ed trasy a dora\u017een\u00ed do c\u00edle se ka\u017ed\u00fd m\u016f\u017ee usu\u0161it, p\u0159evl\u00e9ci, zalehnout na hlavn\u00edm s\u00e1le, nebo naopak za\u010d\u00edt rovnou p\u00edt, j\u00edst, hr\u00e1t na kytary, zp\u00edvat, zkr\u00e1tka voln\u00e9 pole p\u016fsobnosti pro ka\u017ed\u00e9ho doraziv\u0161\u00edho po\u0161\u0165\u00e1ka. V sobotu po poledni za\u010d\u00ednaj\u00ed odpoledn\u00ed, venkovn\u00ed sout\u011b\u017ee, kter\u00e9 maj\u00ed poka\u017ed\u00e9 po\u0159\u00e1dn\u00fd \u0161vih. N\u011bkdy sn\u00edh je, n\u011bkdy nen\u00ed, ale sout\u011b\u017ee jsou v\u017edy koncipov\u00e1ny tak, aby vyhovovaly aktu\u00e1ln\u00edmu po\u010das\u00ed. Ve\u010der se pak uprav\u00ed s\u00e1l, doraz\u00ed kapela kamar\u00e1d\u016f, kte\u0159\u00ed n\u00e1m hraj\u00ed na Alja\u0161ce u\u017e mnoho let a zhruba okolo \u0161est\u00e9 vypukne country b\u00e1l, kde se jednak pop\u00edj\u00ed, tan\u010d\u00ed a zp\u00edv\u00e1, ale kde prob\u00edhaj\u00ed i hazardn\u00ed hry, p\u0159i nich\u017e je mo\u017eno rozmno\u017eit, nebo naopak utratit sv\u016fj po\u0161\u0165\u00e1ck\u00fd v\u00fdd\u011blek. Hry jsou tematick\u00e9, tak\u017ee je zde mo\u017eno pravideln\u011b nal\u00e9zt oko, ruletu, pl\u00e1t\u00fdnko a st\u016fl s pokerem. V pr\u016fb\u011bhu b\u00e1lu prob\u00edhaj\u00ed o pauz\u00e1ch je\u0161t\u011b men\u0161\u00ed sranda sout\u011b\u017ee, jako v jeden\u00ed \u010dehokoliv, loven\u00ed tule\u0148\u016f a podobn\u011b. T\u011b\u017eko se to vysv\u011btluje, to se mus\u00ed vid\u011bt. O p\u016flnoci nastane zlat\u00fd h\u0159eb cel\u00e9 Alja\u0161ky a to dra\u017eba trampsk\u00fdch v\u011bc\u00ed, kter\u00e9 p\u0159iv\u00e1\u017e\u00edme a \u010d\u00e1ste\u010dn\u011b i vyr\u00e1b\u00edme my, Spole\u010dnost. Tam jsou pr\u00e1v\u011b pot\u0159eba ty zmi\u0148ovan\u00e9 Alja\u0161sk\u00e9 dolary. N\u00e1sleduje rozlou\u010den\u00ed s pr\u00e1v\u011b uplynul\u00fdm ro\u010dn\u00edkem Z\u00e1vodu s p\u0159\u00e1n\u00edm, abychom se za rok se\u0161li minim\u00e1ln\u011b ve stejn\u011b hojn\u00e9m po\u010dtu. Kapela pak hraje zhruba do t\u0159\u00ed do r\u00e1na, zalehne se, nebo se je\u0161t\u011b pop\u00edj\u00ed v hospod\u011b a v ned\u011bli hur\u00e1 n\u011bkam na vlak nebo autobus a trad\u00e1 sm\u011br domov a vana s horkou vodou.<\/strong><\/p>\n","protected":false},"excerpt":{"rendered":"<p>Alja\u0161sk\u00e1 po\u0161ta je trampsk\u00e1 akce pro kamar\u00e1dy, vandr\u00e1ky, trampy, kte\u0159\u00ed jsou ochotni z\u00fa\u010dastnit se pon\u011bkud drsn\u011bj\u0161\u00ed akce a tedy nejen letn\u00edho potulov\u00e1n\u00ed po p\u0159\u00edrod\u011b. Z\u00e1vod po\u0159\u00e1d\u00e1 takzvan\u00e1 Spole\u010dnost alja\u0161sk\u00e9 po\u0161ty, co\u017e je parta kamar\u00e1d\u016f, z nich\u017e n\u011bkte\u0159\u00ed se znaj\u00ed d\u00e9le ne\u017e \u010dtvrt stolet\u00ed. Je n\u00e1s cirka dvan\u00e1ct a ka\u017ed\u00fd m\u00e1me na starosti n\u011bco. Od nalezen\u00ed&#8230;<\/p>\n","protected":false},"author":1,"featured_media":0,"parent":0,"menu_order":0,"comment_status":"closed","ping_status":"closed","template":"","meta":{"footnotes":""},"class_list":["post-63","page","type-page","status-publish","hentry"],"_links":{"self":[{"href":"https:\/\/aljasska-posta.cz\/index.php?rest_route=\/wp\/v2\/pages\/63","targetHints":{"allow":["GET"]}}],"collection":[{"href":"https:\/\/aljasska-posta.cz\/index.php?rest_route=\/wp\/v2\/pages"}],"about":[{"href":"https:\/\/aljasska-posta.cz\/index.php?rest_route=\/wp\/v2\/types\/page"}],"author":[{"embeddable":true,"href":"https:\/\/aljasska-posta.cz\/index.php?rest_route=\/wp\/v2\/users\/1"}],"replies":[{"embeddable":true,"href":"https:\/\/aljasska-posta.cz\/index.php?rest_route=%2Fwp%2Fv2%2Fcomments&post=63"}],"version-history":[{"count":1,"href":"https:\/\/aljasska-posta.cz\/index.php?rest_route=\/wp\/v2\/pages\/63\/revisions"}],"predecessor-version":[{"id":64,"href":"https:\/\/aljasska-posta.cz\/index.php?rest_route=\/wp\/v2\/pages\/63\/revisions\/64"}],"wp:attachment":[{"href":"https:\/\/aljasska-posta.cz\/index.php?rest_route=%2Fwp%2Fv2%2Fmedia&parent=63"}],"curies":[{"name":"wp","href":"https:\/\/api.w.org\/{rel}","templated":true}]}}