{"id":73,"date":"2026-03-14T20:58:01","date_gmt":"2026-03-14T19:58:01","guid":{"rendered":"https:\/\/aljasska-posta.cz\/?page_id=73"},"modified":"2026-03-14T22:33:59","modified_gmt":"2026-03-14T21:33:59","slug":"i-rocnik-1989","status":"publish","type":"page","link":"https:\/\/aljasska-posta.cz\/?page_id=73","title":{"rendered":"I. Ro\u010dn\u00edk &#8211; 1989"},"content":{"rendered":"\n<p><strong>Alja\u0161ka za\u010dala jako jin\u00e9 akce t\u00e9 doby, r\u016fzn\u00e9 potlachy a v\u00fdro\u010dn\u00ed ohn\u011b. Zde prost\u011b \u0161lo o to, \u017ee si d\u00e1me po\u0159\u00e1dn\u00fd z\u00e1vod se v\u0161\u00edm v\u0161udy, co to obn\u00e1\u0161\u00ed. Setk\u00e1n\u00ed za\u010dalo v pohostinstv\u00ed v Myslkovic\u00edch, kde se se\u0161lo 35 \u00fa\u010dastn\u00edk\u016f, z nich\u017e se drtiv\u00e1 v\u011bt\u0161ina mezi sebou znala.&nbsp;<\/strong><\/p>\n\n\n\n<p><strong>Postupn\u011b dor\u00e1\u017eeli dal\u0161\u00ed kamar\u00e1di a okolo des\u00e1t\u00e9 hodiny ve\u010dern\u00ed se v\u0161ichni p\u0159esunuli na osadu Dobr\u00e1 Voda, kde byl start. O p\u016flnoci byla Alja\u0161ka zah\u00e1jena. C\u00edl byl v Morav\u010di, kter\u00e9 byly s r\u016fzn\u00fdmi zach\u00e1zkami na kontroly vzd\u00e1leny okolo 37 kilometr\u016f. \u017d\u00e1dn\u00e9 fyzick\u00e9 osoby na kontrol\u00e1ch nebyly. K ozna\u010den\u00ed mapy bylo pou\u017eito raz\u00edtko, kter\u00e9 bylo p\u0159iv\u00e1z\u00e1no ke kontrole, aby se neztratilo. Po\u010das\u00ed bylo takov\u00e9, jak se na Alja\u0161ku slu\u0161\u00ed &#8211; asi -7 stup\u0148\u016f, vcelku jasno. \u0160lo se pom\u011brn\u011b dob\u0159e, ale po 30 kilometrech toho m\u011bli v\u0161ichni pln\u00e9 zuby.&nbsp;<\/strong><\/p>\n\n\n\n<p><strong>Po dojit\u00ed ka\u017ed\u00fd lehnul a spal, \u017e\u00e1dn\u00e9 hovory se nevedly, ka\u017ed\u00fd byl r\u00e1d, \u017ee do\u0161el. Odm\u011bnou doru\u010den\u00ed dopisu byl glejt na r\u016fzn\u00e9 ob\u010derstven\u00ed, kter\u00e9 bylo hrazeno z Alja\u0161sk\u00fdch fond\u016f, ale kter\u00e9 mohla vyu\u017e\u00edt pouze prvn\u00ed osmi\u010dka doraziv\u0161\u00edch. Ostatn\u00ed m\u011bli sm\u016flu. Nikomu to ale nevadilo. V sobotu jsme se skorem v\u0161ichni nemohli h\u00fdbat a byli r\u00e1di, \u017ee jsme r\u00e1di. P\u0159esto jsme odpoledne pom\u00e1hali stav\u011bt m\u00edstn\u00ed s\u00e1mo\u0161ku. \u010clov\u011bk by ne\u0159ek, co m\u00e1 je\u0161t\u011b za rezervy. Mimochodem mysl\u00edm, \u017ee v Morav\u010di stoj\u00ed dodnes. S\u00e1l, kde jsme spali, slou\u017eil i jako m\u00edstn\u00ed kino. Pro unaven\u00e9 po\u0161\u0165\u00e1ky pustili film. Co se prom\u00edtalo, nebylo ani d\u016fle\u017eit\u00e9, mysl\u00edm \u017ee to byl jeden d\u00edl B\u00e1sn\u00edk\u016f, ale le\u017eet ve spac\u00e1ku v kin\u011b, v jedn\u00e9 ruce cigaretu a v druh\u00e9 pivko a d\u00edvat se na film, to by mi dnes v multikin\u011b asi nepro\u0161lo. Celkov\u011b se prvn\u00ed Alja\u0161ka v mnoh\u00e9m li\u0161ila od t\u011bch sou\u010dasn\u00fdch. Byla o dost del\u0161\u00ed, ka\u017ed\u00fd se musel v\u00edce spol\u00e9hat v\u00edce na sebe a na kamar\u00e1dy, \u017e\u00e1dn\u00fd odvoz neexistoval a v\u0161ichni jezdili vlakem. Byla prvn\u00ed a byla par\u00e1dn\u00ed.<\/strong><\/p>\n\n\n\n<figure class=\"wp-block-gallery has-nested-images columns-default is-cropped wp-block-gallery-1 is-layout-flex wp-block-gallery-is-layout-flex\">\n<figure class=\"wp-block-image size-large\"><img loading=\"lazy\" decoding=\"async\" width=\"448\" height=\"321\" data-id=\"91\" src=\"https:\/\/aljasska-posta.cz\/wp-content\/uploads\/2026\/03\/zvadlo-2.jpg\" alt=\"\" class=\"wp-image-91\" srcset=\"https:\/\/aljasska-posta.cz\/wp-content\/uploads\/2026\/03\/zvadlo-2.jpg 448w, https:\/\/aljasska-posta.cz\/wp-content\/uploads\/2026\/03\/zvadlo-2-300x215.jpg 300w\" sizes=\"auto, (max-width: 448px) 100vw, 448px\" \/><\/figure>\n<\/figure>\n\n\n\n<figure class=\"wp-block-image size-large\"><img loading=\"lazy\" decoding=\"async\" width=\"310\" height=\"448\" src=\"https:\/\/aljasska-posta.cz\/wp-content\/uploads\/2026\/03\/glejt-2.jpg\" alt=\"\" class=\"wp-image-92\" srcset=\"https:\/\/aljasska-posta.cz\/wp-content\/uploads\/2026\/03\/glejt-2.jpg 310w, https:\/\/aljasska-posta.cz\/wp-content\/uploads\/2026\/03\/glejt-2-208x300.jpg 208w\" sizes=\"auto, (max-width: 310px) 100vw, 310px\" \/><\/figure>\n","protected":false},"excerpt":{"rendered":"<p>Alja\u0161ka za\u010dala jako jin\u00e9 akce t\u00e9 doby, r\u016fzn\u00e9 potlachy a v\u00fdro\u010dn\u00ed ohn\u011b. Zde prost\u011b \u0161lo o to, \u017ee si d\u00e1me po\u0159\u00e1dn\u00fd z\u00e1vod se v\u0161\u00edm v\u0161udy, co to obn\u00e1\u0161\u00ed. Setk\u00e1n\u00ed za\u010dalo v pohostinstv\u00ed v Myslkovic\u00edch, kde se se\u0161lo 35 \u00fa\u010dastn\u00edk\u016f, z nich\u017e se drtiv\u00e1 v\u011bt\u0161ina mezi sebou znala.&nbsp; Postupn\u011b dor\u00e1\u017eeli dal\u0161\u00ed kamar\u00e1di a okolo des\u00e1t\u00e9 hodiny&#8230;<\/p>\n","protected":false},"author":1,"featured_media":0,"parent":0,"menu_order":0,"comment_status":"closed","ping_status":"closed","template":"","meta":{"footnotes":""},"class_list":["post-73","page","type-page","status-publish","hentry"],"_links":{"self":[{"href":"https:\/\/aljasska-posta.cz\/index.php?rest_route=\/wp\/v2\/pages\/73","targetHints":{"allow":["GET"]}}],"collection":[{"href":"https:\/\/aljasska-posta.cz\/index.php?rest_route=\/wp\/v2\/pages"}],"about":[{"href":"https:\/\/aljasska-posta.cz\/index.php?rest_route=\/wp\/v2\/types\/page"}],"author":[{"embeddable":true,"href":"https:\/\/aljasska-posta.cz\/index.php?rest_route=\/wp\/v2\/users\/1"}],"replies":[{"embeddable":true,"href":"https:\/\/aljasska-posta.cz\/index.php?rest_route=%2Fwp%2Fv2%2Fcomments&post=73"}],"version-history":[{"count":6,"href":"https:\/\/aljasska-posta.cz\/index.php?rest_route=\/wp\/v2\/pages\/73\/revisions"}],"predecessor-version":[{"id":103,"href":"https:\/\/aljasska-posta.cz\/index.php?rest_route=\/wp\/v2\/pages\/73\/revisions\/103"}],"wp:attachment":[{"href":"https:\/\/aljasska-posta.cz\/index.php?rest_route=%2Fwp%2Fv2%2Fmedia&parent=73"}],"curies":[{"name":"wp","href":"https:\/\/api.w.org\/{rel}","templated":true}]}}